{"id":267,"date":"2025-12-18T09:28:36","date_gmt":"2025-12-18T09:28:36","guid":{"rendered":"https:\/\/langendorfwatches.com\/?page_id=267"},"modified":"2025-12-18T09:37:13","modified_gmt":"2025-12-18T09:37:13","slug":"handwerkskunst","status":"publish","type":"page","link":"https:\/\/langendorfwatches.com\/?page_id=267&lang=de","title":{"rendered":"Handwerkskunst"},"content":{"rendered":"<p>[et_pb_section fb_built=&#8221;1&#8243; _builder_version=&#8221;4.27.4&#8243; _module_preset=&#8221;default&#8221; background_image=&#8221;https:\/\/langendorfwatches.com\/wp-content\/uploads\/2025\/12\/ChatGPT-Image-Aug-15-2025-06_31_04-PM.png&#8221; custom_padding=&#8221;20%||20%||true|false&#8221; global_colors_info=&#8221;{}&#8221;][et_pb_row _builder_version=&#8221;4.27.4&#8243; _module_preset=&#8221;default&#8221; global_colors_info=&#8221;{}&#8221;][et_pb_column type=&#8221;4_4&#8243; _builder_version=&#8221;4.27.4&#8243; _module_preset=&#8221;default&#8221; global_colors_info=&#8221;{}&#8221;][\/et_pb_column][\/et_pb_row][\/et_pb_section][et_pb_section fb_built=&#8221;1&#8243; _builder_version=&#8221;4.27.4&#8243; _module_preset=&#8221;default&#8221; background_color=&#8221;#FFFFFF&#8221; custom_padding=&#8221;0px||0px||false|false&#8221; locked=&#8221;off&#8221; global_colors_info=&#8221;{}&#8221;][et_pb_row column_structure=&#8221;1_3,2_3&#8243; make_equal=&#8221;on&#8221; _builder_version=&#8221;4.27.4&#8243; _module_preset=&#8221;default&#8221; width=&#8221;90%&#8221; max_width=&#8221;100%&#8221; global_colors_info=&#8221;{}&#8221;][et_pb_column type=&#8221;1_3&#8243; disabled_on=&#8221;on|off|off&#8221; _builder_version=&#8221;4.27.4&#8243; _module_preset=&#8221;default&#8221; background_image=&#8221;https:\/\/langendorfwatches.com\/wp-content\/uploads\/2025\/12\/ChatGPT-Image-Aug-12-2025-12_11_12-PM.png&#8221; global_colors_info=&#8221;{}&#8221;][et_pb_divider show_divider=&#8221;off&#8221; _builder_version=&#8221;4.27.4&#8243; _module_preset=&#8221;default&#8221; global_colors_info=&#8221;{}&#8221;][\/et_pb_divider][\/et_pb_column][et_pb_column type=&#8221;2_3&#8243; _builder_version=&#8221;4.27.4&#8243; _module_preset=&#8221;default&#8221; global_colors_info=&#8221;{}&#8221;][et_pb_text _builder_version=&#8221;4.27.4&#8243; _module_preset=&#8221;default&#8221; text_font_size=&#8221;16px&#8221; hover_enabled=&#8221;0&#8243; global_colors_info=&#8221;{}&#8221; sticky_enabled=&#8221;0&#8243;]<\/p>\n<div class=\"flex flex-col text-sm @w-xl\/main:pt-header-height\">\n<article class=\"text-token-text-primary w-full focus:outline-none [--shadow-height:45px] has-data-writing-block:pointer-events-none has-data-writing-block:-mt-(--shadow-height) has-data-writing-block:pt-(--shadow-height) [&amp;:has([data-writing-block])&gt;*]:pointer-events-auto [content-visibility:auto] supports-[content-visibility:auto]:[contain-intrinsic-size:auto_100lvh] scroll-mt-[calc(var(--header-height)+min(200px,max(70px,20svh)))]\" dir=\"auto\" data-turn-id=\"a49f3e76-6892-4852-b1ce-95414a4492dd\" data-testid=\"conversation-turn-2\" data-scroll-anchor=\"true\" data-turn=\"assistant\" tabindex=\"-1\">\n<div class=\"text-base my-auto mx-auto pb-10 [--thread-content-margin:--spacing(4)] @w-sm\/main:[--thread-content-margin:--spacing(6)] @w-lg\/main:[--thread-content-margin:--spacing(16)] px-(--thread-content-margin)\">\n<div class=\"[--thread-content-max-width:40rem] @w-lg\/main:[--thread-content-max-width:48rem] mx-auto max-w-(--thread-content-max-width) flex-1 group\/turn-messages focus-visible:outline-hidden relative flex w-full min-w-0 flex-col agent-turn\" tabindex=\"-1\">\n<div class=\"flex max-w-full flex-col grow\">\n<div data-message-author-role=\"assistant\" data-message-id=\"68837e17-6305-49bc-9c9f-78e7bf6d1272\" dir=\"auto\" class=\"min-h-8 text-message relative flex w-full flex-col items-end gap-2 text-start break-words whitespace-normal [.text-message+&amp;]:mt-1\" data-message-model-slug=\"gpt-5-1\">\n<div class=\"flex w-full flex-col gap-1 empty:hidden first:pt-[1px]\">\n<div class=\"markdown prose dark:prose-invert w-full break-words dark markdown-new-styling\">\n<p data-start=\"39\" data-end=\"240\">F\u00fcr Langendorf ist Handwerkskunst kein Schritt im Prozess \u2013 sie ist der Prozess. Vom ersten Entwurf bis zur abschlie\u00dfenden Pr\u00fcfung wird jede Phase mit einer Pr\u00e4zision ausgef\u00fchrt, die keinen Raum f\u00fcr Fehler l\u00e4sst.<\/p>\n<p>Unsere Standards basieren auf derselben Disziplin, die Langendorf einst zum gr\u00f6\u00dften Uhrenhersteller der Schweiz machte. Jedes Bauteil wird von erfahrenen H\u00e4nden ausgew\u00e4hlt, geformt und veredelt, sodass alles, was unsere Werkstatt verl\u00e4sst, nicht nur funktional, sondern au\u00dfergew\u00f6hnlich ist.<\/p>\n<p>Wir messen unseren Erfolg nicht in Zahlen, sondern an der Zufriedenheit zu wissen, dass jede Uhr unseren selbst gesetzten, h\u00f6chsten Anspr\u00fcchen entspricht \u2013 Anspr\u00fcche, die nur die anspruchsvollsten Kenner zu sch\u00e4tzen wissen.<\/p>\n<p>Jede Langendorf-Uhr ist das Ergebnis von Geduld, K\u00f6nnen und der Weigerung, weniger als Perfektion zu akzeptieren.<\/p>\n<p>Langendorf \u2013 wo Zeit gebaut wird, nicht nur gemacht.<\/p>\n<\/div>\n<\/div>\n<\/div>\n<\/div>\n<\/div>\n<\/div>\n<\/article>\n<\/div>\n<p>[\/et_pb_text][\/et_pb_column][\/et_pb_row][\/et_pb_section]<\/p>\n","protected":false},"excerpt":{"rendered":"<p>F\u00fcr Langendorf ist Handwerkskunst kein Schritt im Prozess \u2013 sie ist der Prozess. Vom ersten Entwurf bis zur abschlie\u00dfenden Pr\u00fcfung wird jede Phase mit einer Pr\u00e4zision ausgef\u00fchrt, die keinen Raum f\u00fcr Fehler l\u00e4sst. Unsere Standards basieren auf derselben Disziplin, die Langendorf einst zum gr\u00f6\u00dften Uhrenhersteller der Schweiz machte. Jedes Bauteil wird von erfahrenen H\u00e4nden ausgew\u00e4hlt, [&hellip;]<\/p>\n","protected":false},"author":1,"featured_media":0,"parent":0,"menu_order":0,"comment_status":"closed","ping_status":"closed","template":"","meta":{"_et_pb_use_builder":"on","_et_pb_old_content":"","_et_gb_content_width":"","footnotes":""},"class_list":["post-267","page","type-page","status-publish","hentry"],"_links":{"self":[{"href":"https:\/\/langendorfwatches.com\/index.php?rest_route=\/wp\/v2\/pages\/267","targetHints":{"allow":["GET"]}}],"collection":[{"href":"https:\/\/langendorfwatches.com\/index.php?rest_route=\/wp\/v2\/pages"}],"about":[{"href":"https:\/\/langendorfwatches.com\/index.php?rest_route=\/wp\/v2\/types\/page"}],"author":[{"embeddable":true,"href":"https:\/\/langendorfwatches.com\/index.php?rest_route=\/wp\/v2\/users\/1"}],"replies":[{"embeddable":true,"href":"https:\/\/langendorfwatches.com\/index.php?rest_route=%2Fwp%2Fv2%2Fcomments&post=267"}],"version-history":[{"count":4,"href":"https:\/\/langendorfwatches.com\/index.php?rest_route=\/wp\/v2\/pages\/267\/revisions"}],"predecessor-version":[{"id":272,"href":"https:\/\/langendorfwatches.com\/index.php?rest_route=\/wp\/v2\/pages\/267\/revisions\/272"}],"wp:attachment":[{"href":"https:\/\/langendorfwatches.com\/index.php?rest_route=%2Fwp%2Fv2%2Fmedia&parent=267"}],"curies":[{"name":"wp","href":"https:\/\/api.w.org\/{rel}","templated":true}]}}